{"id":1065,"date":"2014-11-28T04:03:28","date_gmt":"2014-11-28T04:03:28","guid":{"rendered":"http:\/\/fotos.costabrava.org\/?page_id=1065"},"modified":"2015-01-16T09:51:19","modified_gmt":"2015-01-16T09:51:19","slug":"contactar-es","status":"publish","type":"page","link":"https:\/\/fotos.costabrava.org\/es\/contactar-es\/","title":{"rendered":"Contactar"},"content":{"rendered":"<p>Para cualquier sugerencia puede enviarnos este formulario.<br \/>\n\n<div class=\"wpcf7 no-js\" id=\"wpcf7-f1064-o1\" lang=\"ca\" dir=\"ltr\">\n<div class=\"screen-reader-response\"><p role=\"status\" aria-live=\"polite\" aria-atomic=\"true\"><\/p> <ul><\/ul><\/div>\n<form action=\"\/es\/wp-json\/wp\/v2\/pages\/1065#wpcf7-f1064-o1\" method=\"post\" class=\"wpcf7-form init\" aria-label=\"Formulari de contacte\" novalidate=\"novalidate\" data-status=\"init\">\n<div style=\"display: none;\">\n<input type=\"hidden\" name=\"_wpcf7\" value=\"1064\" \/>\n<input type=\"hidden\" name=\"_wpcf7_version\" value=\"5.7.6\" \/>\n<input type=\"hidden\" name=\"_wpcf7_locale\" value=\"ca\" \/>\n<input type=\"hidden\" name=\"_wpcf7_unit_tag\" value=\"wpcf7-f1064-o1\" \/>\n<input type=\"hidden\" name=\"_wpcf7_container_post\" value=\"0\" \/>\n<input type=\"hidden\" name=\"_wpcf7_posted_data_hash\" value=\"\" \/>\n<\/div>\n<p>Su nombre (obligatorio)\n<\/p>\n<p><span class=\"wpcf7-form-control-wrap\" data-name=\"your-nombre\"><input size=\"40\" class=\"wpcf7-form-control wpcf7-text wpcf7-validates-as-required\" aria-required=\"true\" aria-invalid=\"false\" value=\"\" type=\"text\" name=\"your-nombre\" \/><\/span>\n<\/p>\n<p>Su email (obligatorio)\n<\/p>\n<p><span class=\"wpcf7-form-control-wrap\" data-name=\"your-email\"><input size=\"40\" class=\"wpcf7-form-control wpcf7-text wpcf7-email wpcf7-validates-as-required wpcf7-validates-as-email\" aria-required=\"true\" aria-invalid=\"false\" value=\"\" type=\"email\" name=\"your-email\" \/><\/span>\n<\/p>\n<p>Nombre de la empresa (obligatorio)\n<\/p>\n<p><span class=\"wpcf7-form-control-wrap\" data-name=\"Empresa\"><input size=\"40\" class=\"wpcf7-form-control wpcf7-text wpcf7-validates-as-required\" aria-required=\"true\" aria-invalid=\"false\" value=\"\" type=\"text\" name=\"Empresa\" \/><\/span>\n<\/p>\n<p>Asunto\n<\/p>\n<p><span class=\"wpcf7-form-control-wrap\" data-name=\"your-subject\"><input size=\"40\" class=\"wpcf7-form-control wpcf7-text\" aria-invalid=\"false\" value=\"\" type=\"text\" name=\"your-subject\" \/><\/span>\n<\/p>\n<p>Su mensaje\n<\/p>\n<p><span class=\"wpcf7-form-control-wrap\" data-name=\"your-message\"><textarea cols=\"40\" rows=\"10\" class=\"wpcf7-form-control wpcf7-textarea\" aria-invalid=\"false\" name=\"your-message\"><\/textarea><\/span>\n<\/p>\n<p>Patronat de Turisme de Costa Brava tratar\u00e1 mis datos personales con el fin de procesar mi solicitud de suscripci\u00f3n y enviarme comunicaciones (incluso por medios electr\u00f3nicos) sobre sus actividades, as\u00ed como para cumplir con sus obligaciones legales y enviarme comunicaciones (incluso por medios electr\u00f3nicos) sobre otras actividades que pueden ajustarse a mi perfil. La <a href=\"http:\/\/es.costabrava.org\/aviso-legal\" target=\"_blank\">Pol\u00edtica de Privacidad<\/a> indica c\u00f3mo puedo ejercer mis derechos de acceso, rectificaci\u00f3n, supresi\u00f3n, limitaci\u00f3n, portabilidad y oposici\u00f3n.\n<\/p>\n<p><span class=\"wpcf7-form-control-wrap\" data-name=\"acceptance-847\"><span class=\"wpcf7-form-control wpcf7-acceptance\"><span class=\"wpcf7-list-item\"><label><input type=\"checkbox\" name=\"acceptance-847\" value=\"1\" aria-invalid=\"false\" \/><span class=\"wpcf7-list-item-label\">He le\u00eddo, entiendo y acepto la <a href=\"http:\/\/es.costabrava.org\/aviso-legal\" target=\"_blank\">Pol\u00edtica de Privacidad<\/a>*<\/span><\/label><\/span><\/span><\/span>\n<\/p>\n<style>.wpcf7-list-item-label {text-transform:none;}\n<\/style>\n<p><input class=\"wpcf7-form-control has-spinner wpcf7-submit\" type=\"submit\" value=\"Enviar\" \/>\n<\/p>\n<p>Seguridad\n<\/p>\n<p><input type=\"hidden\" name=\"_wpcf7_captcha_challenge_captcha-917\" value=\"793461110\" \/><img loading=\"lazy\" decoding=\"async\" class=\"wpcf7-form-control wpcf7-captchac wpcf7-captcha-captcha-917\" width=\"84\" height=\"28\" alt=\"captcha\" src=\"https:\/\/fotos.costabrava.org\/wp-content\/uploads\/wpcf7_captcha\/793461110.png\" \/><span class=\"wpcf7-form-control-wrap\" data-name=\"captcha-917\"><input size=\"10\" class=\"wpcf7-form-control wpcf7-captchar\" autocomplete=\"off\" aria-invalid=\"false\" value=\"\" type=\"text\" name=\"captcha-917\" \/><\/span>\n<\/p><div class=\"wpcf7-response-output\" aria-hidden=\"true\"><\/div>\n<\/form>\n<\/div>\n<\/p>\n","protected":false},"excerpt":{"rendered":"<p>Para cualquier sugerencia puede enviarnos este formulario.<\/p>\n","protected":false},"author":1,"featured_media":0,"parent":0,"menu_order":0,"comment_status":"closed","ping_status":"open","template":"","meta":{"footnotes":""},"class_list":["post-1065","page","type-page","status-publish","hentry"],"_links":{"self":[{"href":"https:\/\/fotos.costabrava.org\/es\/wp-json\/wp\/v2\/pages\/1065","targetHints":{"allow":["GET"]}}],"collection":[{"href":"https:\/\/fotos.costabrava.org\/es\/wp-json\/wp\/v2\/pages"}],"about":[{"href":"https:\/\/fotos.costabrava.org\/es\/wp-json\/wp\/v2\/types\/page"}],"author":[{"embeddable":true,"href":"https:\/\/fotos.costabrava.org\/es\/wp-json\/wp\/v2\/users\/1"}],"replies":[{"embeddable":true,"href":"https:\/\/fotos.costabrava.org\/es\/wp-json\/wp\/v2\/comments?post=1065"}],"version-history":[{"count":2,"href":"https:\/\/fotos.costabrava.org\/es\/wp-json\/wp\/v2\/pages\/1065\/revisions"}],"predecessor-version":[{"id":2869,"href":"https:\/\/fotos.costabrava.org\/es\/wp-json\/wp\/v2\/pages\/1065\/revisions\/2869"}],"wp:attachment":[{"href":"https:\/\/fotos.costabrava.org\/es\/wp-json\/wp\/v2\/media?parent=1065"}],"curies":[{"name":"wp","href":"https:\/\/api.w.org\/{rel}","templated":true}]}}