{"id":1098,"date":"2014-12-05T07:06:55","date_gmt":"2014-12-05T07:06:55","guid":{"rendered":"http:\/\/fotos.costabrava.org\/?page_id=1098"},"modified":"2020-08-18T08:38:37","modified_gmt":"2020-08-18T08:38:37","slug":"peticio-de-registre-es","status":"publish","type":"page","link":"https:\/\/fotos.costabrava.org\/es\/peticio-de-registre-es\/","title":{"rendered":"Petici\u00f3n de cuenta"},"content":{"rendered":"<p>Para poder acceder por primera vez a descargar fotograf\u00edas, es necesario rellenar el siguiente formulario para realizar la petici\u00f3n de registro de cuenta. El Patronato de Turismo Costa Brava Girona, valorar\u00e1 su petici\u00f3n y, si la acepta, en pocos d\u00edas recibir\u00e1 los datos para poder acceder.<br \/>\n\n<div class=\"wpcf7 no-js\" id=\"wpcf7-f1097-o1\" lang=\"ca\" dir=\"ltr\">\n<div class=\"screen-reader-response\"><p role=\"status\" aria-live=\"polite\" aria-atomic=\"true\"><\/p> <ul><\/ul><\/div>\n<form action=\"\/es\/wp-json\/wp\/v2\/pages\/1098#wpcf7-f1097-o1\" method=\"post\" class=\"wpcf7-form init\" aria-label=\"Formulari de contacte\" novalidate=\"novalidate\" data-status=\"init\">\n<div style=\"display: none;\">\n<input type=\"hidden\" name=\"_wpcf7\" value=\"1097\" \/>\n<input type=\"hidden\" name=\"_wpcf7_version\" value=\"5.7.6\" \/>\n<input type=\"hidden\" name=\"_wpcf7_locale\" value=\"ca\" \/>\n<input type=\"hidden\" name=\"_wpcf7_unit_tag\" value=\"wpcf7-f1097-o1\" \/>\n<input type=\"hidden\" name=\"_wpcf7_container_post\" value=\"0\" \/>\n<input type=\"hidden\" name=\"_wpcf7_posted_data_hash\" value=\"\" \/>\n<\/div>\n<p>Su nombre (obligatorio)\n<\/p>\n<p><span class=\"wpcf7-form-control-wrap\" data-name=\"your-nombre\"><input size=\"40\" class=\"wpcf7-form-control wpcf7-text wpcf7-validates-as-required\" aria-required=\"true\" aria-invalid=\"false\" value=\"\" type=\"text\" name=\"your-nombre\" \/><\/span>\n<\/p>\n<p>Su email (obligatorio)\n<\/p>\n<p><span class=\"wpcf7-form-control-wrap\" data-name=\"your-email\"><input size=\"40\" class=\"wpcf7-form-control wpcf7-text wpcf7-email wpcf7-validates-as-required wpcf7-validates-as-email\" aria-required=\"true\" aria-invalid=\"false\" value=\"\" type=\"email\" name=\"your-email\" \/><\/span>\n<\/p>\n<p>Nombre de la empresa (obligatorio)\n<\/p>\n<p><span class=\"wpcf7-form-control-wrap\" data-name=\"Empresa\"><input size=\"40\" class=\"wpcf7-form-control wpcf7-text wpcf7-validates-as-required\" aria-required=\"true\" aria-invalid=\"false\" value=\"\" type=\"text\" name=\"Empresa\" \/><\/span>\n<\/p>\n<p>Pa\u00eds (obligatorio)\n<\/p>\n<p><span class=\"wpcf7-form-control-wrap\" data-name=\"Pais\"><input size=\"40\" class=\"wpcf7-form-control wpcf7-text wpcf7-validates-as-required\" aria-required=\"true\" aria-invalid=\"false\" value=\"\" type=\"text\" name=\"Pais\" \/><\/span>\n<\/p>\n<p>\u00bfMotivo por el cual quiere realizar una petici\u00f3n para acceder a descargar?\n<\/p>\n<p><span class=\"wpcf7-form-control-wrap\" data-name=\"Motivo\"><textarea cols=\"40\" rows=\"10\" class=\"wpcf7-form-control wpcf7-textarea wpcf7-validates-as-required\" aria-required=\"true\" aria-invalid=\"false\" name=\"Motivo\"><\/textarea><\/span>\n<\/p>\n<p><b>Patronat de Turisme de Costa Brava SA<\/b> tratar\u00e1 mis datos personales con el fin de procesar mi solicitud de suscripci\u00f3n y enviarme comunicaciones (incluso por medios electr\u00f3nicos) sobre sus actividades, as\u00ed como para cumplir con sus obligaciones legales y enviarme comunicaciones (incluso por medios electr\u00f3nicos) sobre otras actividades que pueden ajustarse a mi perfil. La <a href=\"https:\/\/es.costabrava.org\/aviso-legal\" target=\"_blank\">pol\u00edtica de privacidad<\/a> y la <a href=\"https:\/\/es.costabrava.org\/proteccion-de-datos\" target=\"_blank\" rel=\"noopener\">protecci\u00f3n de datos<\/a> indica c\u00f3mo puedo ejercer mis derechos de acceso, rectificaci\u00f3n, supresi\u00f3n, limitaci\u00f3n, portabilidad y oposici\u00f3n.\n<\/p>\n<p><b>Informaci\u00f3n b\u00e1sica de protecci\u00f3n de datos<\/b>\n<\/p>\n<ul>\n\t<li>\n\t\t<p><b>Responsable del tratamiento:<\/b> Patronato de Turismo de la Costa Brava, SA.\n\t\t<\/p>\n\t<\/li>\n\t<li>\n\t\t<p><b>Finalidad:<\/b> registrar los solicitantes de im\u00e1genes del Patronato y gesti\u00f3n de la solicitud, en cumplimiento de las funciones del Patronato.\n\t\t<\/p>\n\t<\/li>\n\t<li>\n\t\t<p><b>Legitimaci\u00f3n:<\/b> los datos se tratan en base al consentimiento de la persona interesada y en cumplimiento de misi\u00f3n de inter\u00e9s p\u00fablico.\n\t\t<\/p>\n\t<\/li>\n\t<li>\n\t\t<p><b>Destinatarios:<\/b> los datos no se comunican a otras personas.\n\t\t<\/p>\n\t<\/li>\n\t<li>\n\t\t<p><b>Derechos de las personas interesadas:<\/b> se pueden ejercer los derechos de acceso, rectificaci\u00f3n, supresi\u00f3n, oposici\u00f3n al tratamiento y solicitud de la limitaci\u00f3n del tratamiento dirigi\u00e9ndose al Patronato de Turismo de la Costa Brava, SA.\n\t\t<\/p>\n\t<\/li>\n<\/ul>\n<p><span class=\"wpcf7-form-control-wrap\" data-name=\"acceptance-850\"><span class=\"wpcf7-form-control wpcf7-acceptance\"><span class=\"wpcf7-list-item\"><label><input type=\"checkbox\" name=\"acceptance-850\" value=\"1\" aria-invalid=\"false\" \/><span class=\"wpcf7-list-item-label\">He le\u00eddo, entiendo y acepto las Condiciones de uso <a href=\"https:\/\/fotos.costabrava.org\/es\/pagina-1-es\/\" target=\"_blank\">Condiciones de uso<\/a>*<\/span><\/label><\/span><\/span><\/span>\n<\/p>\n<p><span class=\"wpcf7-form-control-wrap\" data-name=\"acceptance-847\"><span class=\"wpcf7-form-control wpcf7-acceptance\"><span class=\"wpcf7-list-item\"><label><input type=\"checkbox\" name=\"acceptance-847\" value=\"1\" aria-invalid=\"false\" \/><span class=\"wpcf7-list-item-label\">He le\u00eddo, entiendo y acepto la <a href=\"https:\/\/es.costabrava.org\/aviso-legal\" target=\"_blank\">Pol\u00edtica de Privacidad<\/a>*<\/span><\/label><\/span><\/span><\/span>\n<\/p>\n<style>.wpcf7-list-item-label {text-transform:none;}\n<\/style>\n<p><input class=\"wpcf7-form-control has-spinner wpcf7-submit\" type=\"submit\" value=\"Enviar\" \/>\n<\/p>\n<p>Seguridad\n<\/p>\n<p><input type=\"hidden\" name=\"_wpcf7_captcha_challenge_captcha-917\" value=\"2434088338\" \/><img loading=\"lazy\" decoding=\"async\" class=\"wpcf7-form-control wpcf7-captchac wpcf7-captcha-captcha-917\" width=\"84\" height=\"28\" alt=\"captcha\" src=\"https:\/\/fotos.costabrava.org\/wp-content\/uploads\/wpcf7_captcha\/2434088338.png\" \/><span class=\"wpcf7-form-control-wrap\" data-name=\"captcha-917\"><input size=\"10\" class=\"wpcf7-form-control wpcf7-captchar\" autocomplete=\"off\" aria-invalid=\"false\" value=\"\" type=\"text\" name=\"captcha-917\" \/><\/span>\n<\/p><div class=\"wpcf7-response-output\" aria-hidden=\"true\"><\/div>\n<\/form>\n<\/div>\n<\/p>\n","protected":false},"excerpt":{"rendered":"<p>Para poder acceder por primera vez a descargar fotograf\u00edas, es necesario rellenar el siguiente formulario para realizar la petici\u00f3n de [&hellip;]<\/p>\n","protected":false},"author":1,"featured_media":0,"parent":0,"menu_order":0,"comment_status":"closed","ping_status":"open","template":"","meta":{"footnotes":""},"class_list":["post-1098","page","type-page","status-publish","hentry"],"_links":{"self":[{"href":"https:\/\/fotos.costabrava.org\/es\/wp-json\/wp\/v2\/pages\/1098","targetHints":{"allow":["GET"]}}],"collection":[{"href":"https:\/\/fotos.costabrava.org\/es\/wp-json\/wp\/v2\/pages"}],"about":[{"href":"https:\/\/fotos.costabrava.org\/es\/wp-json\/wp\/v2\/types\/page"}],"author":[{"embeddable":true,"href":"https:\/\/fotos.costabrava.org\/es\/wp-json\/wp\/v2\/users\/1"}],"replies":[{"embeddable":true,"href":"https:\/\/fotos.costabrava.org\/es\/wp-json\/wp\/v2\/comments?post=1098"}],"version-history":[{"count":5,"href":"https:\/\/fotos.costabrava.org\/es\/wp-json\/wp\/v2\/pages\/1098\/revisions"}],"predecessor-version":[{"id":3334,"href":"https:\/\/fotos.costabrava.org\/es\/wp-json\/wp\/v2\/pages\/1098\/revisions\/3334"}],"wp:attachment":[{"href":"https:\/\/fotos.costabrava.org\/es\/wp-json\/wp\/v2\/media?parent=1098"}],"curies":[{"name":"wp","href":"https:\/\/api.w.org\/{rel}","templated":true}]}}