{"id":139,"date":"2014-11-18T08:31:23","date_gmt":"2014-11-18T08:31:23","guid":{"rendered":"http:\/\/fotos.costabrava.org\/?page_id=139"},"modified":"2015-03-19T09:53:46","modified_gmt":"2015-03-19T09:53:46","slug":"transaccion-fallida","status":"publish","type":"page","link":"https:\/\/fotos.costabrava.org\/es\/carrito-de-compra\/transaccion-fallida\/","title":{"rendered":"Transacci\u00f3n fallida"},"content":{"rendered":"<p>La transacci\u00f3n ha fallado. Por favor, vu\u00e9lvalo a intentar o contacte con el administrador.<\/p>\n","protected":false},"excerpt":{"rendered":"<p>La transacci\u00f3n ha fallado. Por favor, vu\u00e9lvalo a intentar o contacte con el administrador.<\/p>\n","protected":false},"author":1,"featured_media":0,"parent":86,"menu_order":0,"comment_status":"closed","ping_status":"open","template":"","meta":{"footnotes":""},"class_list":["post-139","page","type-page","status-publish","hentry"],"_links":{"self":[{"href":"https:\/\/fotos.costabrava.org\/es\/wp-json\/wp\/v2\/pages\/139","targetHints":{"allow":["GET"]}}],"collection":[{"href":"https:\/\/fotos.costabrava.org\/es\/wp-json\/wp\/v2\/pages"}],"about":[{"href":"https:\/\/fotos.costabrava.org\/es\/wp-json\/wp\/v2\/types\/page"}],"author":[{"embeddable":true,"href":"https:\/\/fotos.costabrava.org\/es\/wp-json\/wp\/v2\/users\/1"}],"replies":[{"embeddable":true,"href":"https:\/\/fotos.costabrava.org\/es\/wp-json\/wp\/v2\/comments?post=139"}],"version-history":[{"count":3,"href":"https:\/\/fotos.costabrava.org\/es\/wp-json\/wp\/v2\/pages\/139\/revisions"}],"predecessor-version":[{"id":2951,"href":"https:\/\/fotos.costabrava.org\/es\/wp-json\/wp\/v2\/pages\/139\/revisions\/2951"}],"up":[{"embeddable":true,"href":"https:\/\/fotos.costabrava.org\/es\/wp-json\/wp\/v2\/pages\/86"}],"wp:attachment":[{"href":"https:\/\/fotos.costabrava.org\/es\/wp-json\/wp\/v2\/media?parent=139"}],"curies":[{"name":"wp","href":"https:\/\/api.w.org\/{rel}","templated":true}]}}