{"id":2958,"date":"2015-03-19T10:10:26","date_gmt":"2015-03-19T10:10:26","guid":{"rendered":"http:\/\/fotos.costabrava.org\/?page_id=2958"},"modified":"2015-09-25T05:03:08","modified_gmt":"2015-09-25T05:03:08","slug":"politica-de-cookies-2","status":"publish","type":"page","link":"https:\/\/fotos.costabrava.org\/es\/politica-de-cookies-2\/","title":{"rendered":"POL\u00cdTICA DE COOKIES"},"content":{"rendered":"<p>Las cookies son unos archivos de texto peque\u00f1os que se instalan en los equipos desde los que se accede a nuestro sitio web. Pueden guardar la identificaci\u00f3n del usuario que visita la web y los lugares por los que navega. Cuando el usuario vuelve a visitarnos se leen las cookies para identificarlo y reestablecer las preferencias y la configuraci\u00f3n de navegaci\u00f3n. Si un usuario no autoriza el uso de las cookies, algunos servicios y funcionalidades del sitio web pueden estar no disponibles.<\/p>\n<p>Queremos que este sitio web ofrezca un buen servicio y que sea f\u00e1cil de utilizar. En este sentido, utilizamos cookies de Google Analytics, lo cual nos permite:<\/p>\n<ul>\n<li>Analizar estad\u00edsticamente la informaci\u00f3n a la que acceden los usuarios de nuestro sitio web. Los datos recopilados pueden incluir: la actividad del navegador del usuario cuando nos visita, la ruta que siguen los usuarios en nuestro sitio web, informaci\u00f3n del proveedor de servicios de Internet del visitante, el n\u00famero de veces que cada usuario accede a nuestro sitio web y el comportamiento de los usuarios en nuestro sitio (p\u00e1ginas que han visitado, formularios cumplimentados, etc.)<\/li>\n<li>Identificar a los usuarios que nos visiten desde la invitaci\u00f3n de un sitio web asociado o desde un enlace patrocinado.<\/li>\n<\/ul>\n<p>Puede obtener m\u00e1s informaci\u00f3n sobre Google Analytics en <a href=\"http:\/\/www.google.com\/analytics\/\">www.google.com\/analytics\/<\/a>. Para controlar la recopilaci\u00f3n de datos con fines anal\u00edticos por parte de Google Analytics, puede visitar <a href=\"https:\/\/tools.google.com\/dlpage\/gaoptout?hl=en\">https:\/\/tools.google.com\/dlpage\/gaoptout?hl=en<\/a><\/p>\n<p>Puede cancelar el consentimiento de la utilizaci\u00f3n de cookies elimin\u00e1ndolas mediante las opciones que le ofrece su navegador.<\/p>\n<p>Si desea recibir informaci\u00f3n adicional sobre la actividad de las empresas de publicidad en Internet y sobre c\u00f3mo eliminar sus datos de los registros de dichas empresas, recomendamos que visite <a href=\"http:\/\/www.networkadvertising.org\/\">www.networkadvertising.org<\/a>.<\/p>\n<p>Puede configurar su navegador para que le informe previamente de la posible instalaci\u00f3n de cookies. Tambi\u00e9n puede configurarlo para que se eliminen autom\u00e1ticamente una vez haya cerrado el navegador, equipo o dispositivo. Encontrar\u00e1 informaci\u00f3n sobre c\u00f3mo hacerlo en :<\/p>\n<p>&#8211; Para Firefox en <a href=\"http:\/\/support.mozilla.org\/ca\/kb\/Galetes\">http:\/\/support.mozilla.org\/ca\/kb\/Galetes<\/a>.<\/p>\n<p>&#8211; Para Chrome en <a href=\"http:\/\/support.google.com\/chrome\/bin\/answer.py?hl=es&amp;answer=95647\">http:\/\/support.google.com\/chrome\/bin\/answer.py?hl=es&amp;answer=95647<\/a>.<\/p>\n<p>&#8211; Para Explorer en <a href=\"http:\/\/windows.microsoft.com\/es-es\/windows7\/how-to-manage-cookies-in-internet-explorer-9\">http:\/\/windows.microsoft.com\/es-es\/windows7\/how-to-manage-cookies-in-internet-explorer-9<\/a>.<\/p>\n<p>&#8211; Para Safari en <a href=\"http:\/\/support.apple.com\/kb\/ph5042\">http:\/\/support.apple.com\/kb\/ph5042<\/a>.<\/p>\n<p>&#8211; Para Safari para IOS en <a href=\"http:\/\/support.apple.com\/kb\/HT1677?viewlocale=es_ES&amp;locale=es_ES\">http:\/\/support.apple.com\/kb\/HT1677?viewlocale=es_ES&amp;locale=es_ES<\/a><\/p>\n<p>&#8211; Para Opera en <a href=\"http:\/\/help.opera.com\/Windows\/11.50\/es-ES\/cookies.html\">http:\/\/help.opera.com\/Windows\/11.50\/es-ES\/cookies.html<\/a><\/p>\n","protected":false},"excerpt":{"rendered":"<p>Las cookies son unos archivos de texto peque\u00f1os que se instalan en los equipos desde los que se accede a [&hellip;]<\/p>\n","protected":false},"author":1,"featured_media":0,"parent":0,"menu_order":0,"comment_status":"closed","ping_status":"open","template":"","meta":{"footnotes":""},"class_list":["post-2958","page","type-page","status-publish","hentry"],"_links":{"self":[{"href":"https:\/\/fotos.costabrava.org\/es\/wp-json\/wp\/v2\/pages\/2958","targetHints":{"allow":["GET"]}}],"collection":[{"href":"https:\/\/fotos.costabrava.org\/es\/wp-json\/wp\/v2\/pages"}],"about":[{"href":"https:\/\/fotos.costabrava.org\/es\/wp-json\/wp\/v2\/types\/page"}],"author":[{"embeddable":true,"href":"https:\/\/fotos.costabrava.org\/es\/wp-json\/wp\/v2\/users\/1"}],"replies":[{"embeddable":true,"href":"https:\/\/fotos.costabrava.org\/es\/wp-json\/wp\/v2\/comments?post=2958"}],"version-history":[{"count":3,"href":"https:\/\/fotos.costabrava.org\/es\/wp-json\/wp\/v2\/pages\/2958\/revisions"}],"predecessor-version":[{"id":5304,"href":"https:\/\/fotos.costabrava.org\/es\/wp-json\/wp\/v2\/pages\/2958\/revisions\/5304"}],"wp:attachment":[{"href":"https:\/\/fotos.costabrava.org\/es\/wp-json\/wp\/v2\/media?parent=2958"}],"curies":[{"name":"wp","href":"https:\/\/api.w.org\/{rel}","templated":true}]}}