{"id":1059,"date":"2014-11-28T04:01:44","date_gmt":"2014-11-28T04:01:44","guid":{"rendered":"http:\/\/fotos.costabrava.org\/?page_id=1059"},"modified":"2015-01-16T09:50:23","modified_gmt":"2015-01-16T09:50:23","slug":"contactar-fr","status":"publish","type":"page","link":"https:\/\/fotos.costabrava.org\/fr\/contactar-fr\/","title":{"rendered":"Contacter"},"content":{"rendered":"<p>Pour toute suggestion, vous pouvez nous envoyer ce formulaire.<br \/>\n\n<div class=\"wpcf7 no-js\" id=\"wpcf7-f1055-o1\" lang=\"ca\" dir=\"ltr\">\n<div class=\"screen-reader-response\"><p role=\"status\" aria-live=\"polite\" aria-atomic=\"true\"><\/p> <ul><\/ul><\/div>\n<form action=\"\/fr\/wp-json\/wp\/v2\/pages\/1059#wpcf7-f1055-o1\" method=\"post\" class=\"wpcf7-form init\" aria-label=\"Formulari de contacte\" novalidate=\"novalidate\" data-status=\"init\">\n<div style=\"display: none;\">\n<input type=\"hidden\" name=\"_wpcf7\" value=\"1055\" \/>\n<input type=\"hidden\" name=\"_wpcf7_version\" value=\"5.7.6\" \/>\n<input type=\"hidden\" name=\"_wpcf7_locale\" value=\"ca\" \/>\n<input type=\"hidden\" name=\"_wpcf7_unit_tag\" value=\"wpcf7-f1055-o1\" \/>\n<input type=\"hidden\" name=\"_wpcf7_container_post\" value=\"0\" \/>\n<input type=\"hidden\" name=\"_wpcf7_posted_data_hash\" value=\"\" \/>\n<\/div>\n<p>Votre nom (obligatoire)\n<\/p>\n<p><span class=\"wpcf7-form-control-wrap\" data-name=\"your-nom\"><input size=\"40\" class=\"wpcf7-form-control wpcf7-text wpcf7-validates-as-required\" aria-required=\"true\" aria-invalid=\"false\" value=\"\" type=\"text\" name=\"your-nom\" \/><\/span>\n<\/p>\n<p>Votre e-mail (obligatoire)\n<\/p>\n<p><span class=\"wpcf7-form-control-wrap\" data-name=\"your-email\"><input size=\"40\" class=\"wpcf7-form-control wpcf7-text wpcf7-email wpcf7-validates-as-required wpcf7-validates-as-email\" aria-required=\"true\" aria-invalid=\"false\" value=\"\" type=\"email\" name=\"your-email\" \/><\/span>\n<\/p>\n<p>Nom de l'entreprise (obligatoire)\n<\/p>\n<p><span class=\"wpcf7-form-control-wrap\" data-name=\"Entreprise\"><input size=\"40\" class=\"wpcf7-form-control wpcf7-text wpcf7-validates-as-required\" aria-required=\"true\" aria-invalid=\"false\" value=\"\" type=\"text\" name=\"Entreprise\" \/><\/span>\n<\/p>\n<p>Objet\n<\/p>\n<p><span class=\"wpcf7-form-control-wrap\" data-name=\"your-subject\"><input size=\"40\" class=\"wpcf7-form-control wpcf7-text\" aria-invalid=\"false\" value=\"\" type=\"text\" name=\"your-subject\" \/><\/span>\n<\/p>\n<p>Votre message\n<\/p>\n<p><span class=\"wpcf7-form-control-wrap\" data-name=\"your-message\"><textarea cols=\"40\" rows=\"10\" class=\"wpcf7-form-control wpcf7-textarea\" aria-invalid=\"false\" name=\"your-message\"><\/textarea><\/span>\n<\/p>\n<p>PATRONAT DE TURISME COSTA BRAVA GIRONA SA utilisera mes donn\u00e9es personnelles en vue de traiter ma demande de souscription et m\u2019envoyer des communications (y compris par des moyens \u00e9lectroniques) sur ses activit\u00e9s, ainsi que pour remplir ses obligations l\u00e9gales et m\u2019envoyer des communications (y compris par des moyens \u00e9lectroniques) sur d\u2019autres activit\u00e9s pouvant s\u2019adapter \u00e0 mon profil. La <a href=\"http:\/\/fr.costabrava.org\/notice-legale\" target=\"_blank\">Politique de Confidentialit\u00e9<\/a> indique comment exercer mes droits d\u2019acc\u00e8s, rectification, suppression, limitation, portabilit\u00e9 et opposition.\n<\/p>\n<p><span class=\"wpcf7-form-control-wrap\" data-name=\"acceptance-847\"><span class=\"wpcf7-form-control wpcf7-acceptance\"><span class=\"wpcf7-list-item\"><label><input type=\"checkbox\" name=\"acceptance-847\" value=\"1\" aria-invalid=\"false\" \/><span class=\"wpcf7-list-item-label\">J\u2019ai lu et accepte la <a href=\"http:\/\/fr.costabrava.org\/notice-legale\" target=\"_blank\">Politique de Confidentialit\u00e9<\/a>*<\/span><\/label><\/span><\/span><\/span>\n<\/p>\n<style>.wpcf7-list-item-label {text-transform:none;}\n<\/style>\n<p><input class=\"wpcf7-form-control has-spinner wpcf7-submit\" type=\"submit\" value=\"Envoyer\" \/>\n<\/p>\n<p> S\u00e9urit\u00e9\n<\/p>\n<p><input type=\"hidden\" name=\"_wpcf7_captcha_challenge_captcha-917\" value=\"1761795493\" \/><img loading=\"lazy\" decoding=\"async\" class=\"wpcf7-form-control wpcf7-captchac wpcf7-captcha-captcha-917\" width=\"84\" height=\"28\" alt=\"captcha\" src=\"https:\/\/fotos.costabrava.org\/wp-content\/uploads\/wpcf7_captcha\/1761795493.png\" \/><span class=\"wpcf7-form-control-wrap\" data-name=\"captcha-917\"><input size=\"10\" class=\"wpcf7-form-control wpcf7-captchar\" autocomplete=\"off\" aria-invalid=\"false\" value=\"\" type=\"text\" name=\"captcha-917\" \/><\/span>\n<\/p><div class=\"wpcf7-response-output\" aria-hidden=\"true\"><\/div>\n<\/form>\n<\/div>\n<\/p>\n","protected":false},"excerpt":{"rendered":"<p>Pour toute suggestion, vous pouvez nous envoyer ce formulaire.<\/p>\n","protected":false},"author":1,"featured_media":0,"parent":0,"menu_order":0,"comment_status":"closed","ping_status":"open","template":"","meta":{"footnotes":""},"class_list":["post-1059","page","type-page","status-publish","hentry"],"_links":{"self":[{"href":"https:\/\/fotos.costabrava.org\/fr\/wp-json\/wp\/v2\/pages\/1059","targetHints":{"allow":["GET"]}}],"collection":[{"href":"https:\/\/fotos.costabrava.org\/fr\/wp-json\/wp\/v2\/pages"}],"about":[{"href":"https:\/\/fotos.costabrava.org\/fr\/wp-json\/wp\/v2\/types\/page"}],"author":[{"embeddable":true,"href":"https:\/\/fotos.costabrava.org\/fr\/wp-json\/wp\/v2\/users\/1"}],"replies":[{"embeddable":true,"href":"https:\/\/fotos.costabrava.org\/fr\/wp-json\/wp\/v2\/comments?post=1059"}],"version-history":[{"count":2,"href":"https:\/\/fotos.costabrava.org\/fr\/wp-json\/wp\/v2\/pages\/1059\/revisions"}],"predecessor-version":[{"id":2867,"href":"https:\/\/fotos.costabrava.org\/fr\/wp-json\/wp\/v2\/pages\/1059\/revisions\/2867"}],"wp:attachment":[{"href":"https:\/\/fotos.costabrava.org\/fr\/wp-json\/wp\/v2\/media?parent=1059"}],"curies":[{"name":"wp","href":"https:\/\/api.w.org\/{rel}","templated":true}]}}