{"id":1092,"date":"2014-12-05T07:05:26","date_gmt":"2014-12-05T07:05:26","guid":{"rendered":"http:\/\/fotos.costabrava.org\/?page_id=1092"},"modified":"2025-01-13T14:54:42","modified_gmt":"2025-01-13T14:54:42","slug":"peticio-de-registre-fr","status":"publish","type":"page","link":"https:\/\/fotos.costabrava.org\/fr\/peticio-de-registre-fr\/","title":{"rendered":"Demande de compte"},"content":{"rendered":"<p>Pour pouvoir acc\u00e9der pour la premi\u00e8re fois au t\u00e9l\u00e9chargement de photographies, vous devez remplir le formulaire suivant et faire une demande d&rsquo;enregistrement de compte. Le d\u00e9partement de tourisme Costa Brava Girona \u00e9valuera votre demande. Si elle est accept\u00e9e, vous recevrez dans quelques jours les donn\u00e9es pour y acc\u00e9der.<br \/>\n\n<div class=\"wpcf7 no-js\" id=\"wpcf7-f1091-o1\" lang=\"ca\" dir=\"ltr\">\n<div class=\"screen-reader-response\"><p role=\"status\" aria-live=\"polite\" aria-atomic=\"true\"><\/p> <ul><\/ul><\/div>\n<form action=\"\/fr\/wp-json\/wp\/v2\/pages\/1092#wpcf7-f1091-o1\" method=\"post\" class=\"wpcf7-form init\" aria-label=\"Formulari de contacte\" novalidate=\"novalidate\" data-status=\"init\">\n<div style=\"display: none;\">\n<input type=\"hidden\" name=\"_wpcf7\" value=\"1091\" \/>\n<input type=\"hidden\" name=\"_wpcf7_version\" value=\"5.7.6\" \/>\n<input type=\"hidden\" name=\"_wpcf7_locale\" value=\"ca\" \/>\n<input type=\"hidden\" name=\"_wpcf7_unit_tag\" value=\"wpcf7-f1091-o1\" \/>\n<input type=\"hidden\" name=\"_wpcf7_container_post\" value=\"0\" \/>\n<input type=\"hidden\" name=\"_wpcf7_posted_data_hash\" value=\"\" \/>\n<\/div>\n<p>Votre nom (obligatoire)\n<\/p>\n<p><span class=\"wpcf7-form-control-wrap\" data-name=\"your-nom\"><input size=\"40\" class=\"wpcf7-form-control wpcf7-text wpcf7-validates-as-required\" aria-required=\"true\" aria-invalid=\"false\" value=\"\" type=\"text\" name=\"your-nom\" \/><\/span>\n<\/p>\n<p>Votre e-mail (obligatoire)\n<\/p>\n<p><span class=\"wpcf7-form-control-wrap\" data-name=\"your-email\"><input size=\"40\" class=\"wpcf7-form-control wpcf7-text wpcf7-email wpcf7-validates-as-required wpcf7-validates-as-email\" aria-required=\"true\" aria-invalid=\"false\" value=\"\" type=\"email\" name=\"your-email\" \/><\/span>\n<\/p>\n<p>Nom de l'entreprise (obligatoire)\n<\/p>\n<p><span class=\"wpcf7-form-control-wrap\" data-name=\"Entreprise\"><input size=\"40\" class=\"wpcf7-form-control wpcf7-text wpcf7-validates-as-required\" aria-required=\"true\" aria-invalid=\"false\" value=\"\" type=\"text\" name=\"Entreprise\" \/><\/span>\n<\/p>\n<p>Pays (obligatoire)\n<\/p>\n<p><span class=\"wpcf7-form-control-wrap\" data-name=\"Pays\"><input size=\"40\" class=\"wpcf7-form-control wpcf7-text wpcf7-validates-as-required\" aria-required=\"true\" aria-invalid=\"false\" value=\"\" type=\"text\" name=\"Pays\" \/><\/span>\n<\/p>\n<p>Raison pour laquelle vous souhaitez pouvoir acc\u00e9der au t\u00e9l\u00e9chargement de photographies ?\n<\/p>\n<p><span class=\"wpcf7-form-control-wrap\" data-name=\"Raison\"><textarea cols=\"40\" rows=\"10\" class=\"wpcf7-form-control wpcf7-textarea wpcf7-validates-as-required\" aria-required=\"true\" aria-invalid=\"false\" name=\"Raison\"><\/textarea><\/span>\n<\/p>\n<p>PATRONAT DE TURISME COSTA BRAVA GIRONA SA utilisera mes donn\u00e9es personnelles en vue de traiter ma demande de souscription et m\u2019envoyer des communications (y compris par des moyens \u00e9lectroniques) sur ses activit\u00e9s, ainsi que pour remplir ses obligations l\u00e9gales et m\u2019envoyer des communications (y compris par des moyens \u00e9lectroniques) sur d\u2019autres activit\u00e9s pouvant s\u2019adapter \u00e0 mon profil. La <a href=\"https:\/\/fr.costabrava.org\/notice-legale\" target=\"_blank\">politique de confidentialit\u00e9<\/a> et le <a href=\"https:\/\/fr.costabrava.org\/protection-des-donnees\" target=\"_blank\" rel=\"noopener\">protection des donn\u00e9es<\/a> indique comment exercer mes droits d\u2019acc\u00e8s, rectification, suppression, limitation, portabilit\u00e9 et opposition.\n<\/p>\n<p><span class=\"wpcf7-form-control-wrap\" data-name=\"acceptance-850\"><span class=\"wpcf7-form-control wpcf7-acceptance\"><span class=\"wpcf7-list-item\"><label><input type=\"checkbox\" name=\"acceptance-850\" value=\"1\" aria-invalid=\"false\" \/><span class=\"wpcf7-list-item-label\">J\u2019ai lu et accepte la <a href=\"https:\/\/fotos.costabrava.org\/fr\/pagina-1-fr\/\" target=\"_blank\">Conditions d\u2019utilisation<\/a>*<\/span><\/label><\/span><\/span><\/span>\n<\/p>\n<p><span class=\"wpcf7-form-control-wrap\" data-name=\"acceptance-847\"><span class=\"wpcf7-form-control wpcf7-acceptance\"><span class=\"wpcf7-list-item\"><label><input type=\"checkbox\" name=\"acceptance-847\" value=\"1\" aria-invalid=\"false\" \/><span class=\"wpcf7-list-item-label\">J\u2019ai lu et accepte la <a href=\"https:\/\/fr.costabrava.org\/notice-legale\" target=\"_blank\">Politique de Confidentialit\u00e9<\/a>*<\/span><\/label><\/span><\/span><\/span>\n<\/p>\n<style>.wpcf7-list-item-label {text-transform:none;}\n<\/style>\n<p><input class=\"wpcf7-form-control has-spinner wpcf7-submit\" type=\"submit\" value=\"Envoyer\" \/>\n<\/p>\n<p> S\u00e9urit\u00e9\n<\/p>\n<p><input type=\"hidden\" name=\"_wpcf7_captcha_challenge_captcha-917\" value=\"2324768237\" \/><img loading=\"lazy\" decoding=\"async\" class=\"wpcf7-form-control wpcf7-captchac wpcf7-captcha-captcha-917\" width=\"84\" height=\"28\" alt=\"captcha\" src=\"https:\/\/fotos.costabrava.org\/wp-content\/uploads\/wpcf7_captcha\/2324768237.png\" \/><span class=\"wpcf7-form-control-wrap\" data-name=\"captcha-917\"><input size=\"10\" class=\"wpcf7-form-control wpcf7-captchar\" autocomplete=\"off\" aria-invalid=\"false\" value=\"\" type=\"text\" name=\"captcha-917\" \/><\/span>\n<\/p><div class=\"wpcf7-response-output\" aria-hidden=\"true\"><\/div>\n<\/form>\n<\/div>\n<\/p>\n","protected":false},"excerpt":{"rendered":"<p>Pour pouvoir acc\u00e9der pour la premi\u00e8re fois au t\u00e9l\u00e9chargement de photographies, vous devez remplir le formulaire suivant et faire une [&hellip;]<\/p>\n","protected":false},"author":1,"featured_media":0,"parent":0,"menu_order":0,"comment_status":"closed","ping_status":"open","template":"","meta":{"footnotes":""},"class_list":["post-1092","page","type-page","status-publish","hentry"],"_links":{"self":[{"href":"https:\/\/fotos.costabrava.org\/fr\/wp-json\/wp\/v2\/pages\/1092","targetHints":{"allow":["GET"]}}],"collection":[{"href":"https:\/\/fotos.costabrava.org\/fr\/wp-json\/wp\/v2\/pages"}],"about":[{"href":"https:\/\/fotos.costabrava.org\/fr\/wp-json\/wp\/v2\/types\/page"}],"author":[{"embeddable":true,"href":"https:\/\/fotos.costabrava.org\/fr\/wp-json\/wp\/v2\/users\/1"}],"replies":[{"embeddable":true,"href":"https:\/\/fotos.costabrava.org\/fr\/wp-json\/wp\/v2\/comments?post=1092"}],"version-history":[{"count":5,"href":"https:\/\/fotos.costabrava.org\/fr\/wp-json\/wp\/v2\/pages\/1092\/revisions"}],"predecessor-version":[{"id":3332,"href":"https:\/\/fotos.costabrava.org\/fr\/wp-json\/wp\/v2\/pages\/1092\/revisions\/3332"}],"wp:attachment":[{"href":"https:\/\/fotos.costabrava.org\/fr\/wp-json\/wp\/v2\/media?parent=1092"}],"curies":[{"name":"wp","href":"https:\/\/api.w.org\/{rel}","templated":true}]}}