{"id":135,"date":"2014-11-18T08:29:12","date_gmt":"2014-11-18T08:29:12","guid":{"rendered":"http:\/\/fotos.costabrava.org\/?page_id=135"},"modified":"2015-03-19T09:52:23","modified_gmt":"2015-03-19T09:52:23","slug":"transaction-failed-fr","status":"publish","type":"page","link":"https:\/\/fotos.costabrava.org\/fr\/checkout-fr\/transaction-failed-fr\/","title":{"rendered":"Transaction \u00e9chou\u00e9e"},"content":{"rendered":"<p>La transaction a \u00e9chou\u00e9. Veuillez r\u00e9essayer ou contacter l&rsquo;administrateur.<\/p>\n","protected":false},"excerpt":{"rendered":"<p>La transaction a \u00e9chou\u00e9. Veuillez r\u00e9essayer ou contacter l&rsquo;administrateur.<\/p>\n","protected":false},"author":1,"featured_media":0,"parent":82,"menu_order":0,"comment_status":"closed","ping_status":"open","template":"","meta":{"footnotes":""},"class_list":["post-135","page","type-page","status-publish","hentry"],"_links":{"self":[{"href":"https:\/\/fotos.costabrava.org\/fr\/wp-json\/wp\/v2\/pages\/135","targetHints":{"allow":["GET"]}}],"collection":[{"href":"https:\/\/fotos.costabrava.org\/fr\/wp-json\/wp\/v2\/pages"}],"about":[{"href":"https:\/\/fotos.costabrava.org\/fr\/wp-json\/wp\/v2\/types\/page"}],"author":[{"embeddable":true,"href":"https:\/\/fotos.costabrava.org\/fr\/wp-json\/wp\/v2\/users\/1"}],"replies":[{"embeddable":true,"href":"https:\/\/fotos.costabrava.org\/fr\/wp-json\/wp\/v2\/comments?post=135"}],"version-history":[{"count":3,"href":"https:\/\/fotos.costabrava.org\/fr\/wp-json\/wp\/v2\/pages\/135\/revisions"}],"predecessor-version":[{"id":2949,"href":"https:\/\/fotos.costabrava.org\/fr\/wp-json\/wp\/v2\/pages\/135\/revisions\/2949"}],"up":[{"embeddable":true,"href":"https:\/\/fotos.costabrava.org\/fr\/wp-json\/wp\/v2\/pages\/82"}],"wp:attachment":[{"href":"https:\/\/fotos.costabrava.org\/fr\/wp-json\/wp\/v2\/media?parent=135"}],"curies":[{"name":"wp","href":"https:\/\/api.w.org\/{rel}","templated":true}]}}