{"id":2954,"date":"2015-03-19T10:08:30","date_gmt":"2015-03-19T10:08:30","guid":{"rendered":"http:\/\/fotos.costabrava.org\/?page_id=2954"},"modified":"2025-01-13T15:07:16","modified_gmt":"2025-01-13T15:07:16","slug":"politique-de-cookies","status":"publish","type":"page","link":"https:\/\/fotos.costabrava.org\/fr\/politique-de-cookies\/","title":{"rendered":"POLITIQUE DE COOKIES"},"content":{"rendered":"<p>Les cookies sont des fichiers de texte de petite taille install\u00e9s sur les dispositifs \u00e0 travers lesquels on acc\u00e8de \u00e0 notre site Internet. Ils peuvent recueillir l&rsquo;identification de l&rsquo;utilisateur qui visite la page, mais aussi les sites qu&rsquo;ils consultent. Lorsque l&rsquo;utilisateur acc\u00e8de de nouveau au site, les cookies sont utilis\u00e9s pour l&rsquo;identifier et r\u00e9tablir les pr\u00e9f\u00e9rences et les param\u00e8tres de navigation. Si l&rsquo;utilisateur n&rsquo;autorise pas l&rsquo;utilisation des cookies, il est possible que certains services ou certaines fonctions ne soient pas disponibles.<\/p>\n<p>Nous souhaitons que ce site offre un service satisfaisant et qu&rsquo;il soit facile \u00e0 utiliser. En ce sens, nous utilisons les cookies de Google Analytics. Cela nous permet de\u00a0:<\/p>\n<ul>\n<li>Analyser \u00e0 des fins statistiques les informations auxquelles acc\u00e8dent les utilisateurs de notre site. Les donn\u00e9es collect\u00e9es peuvent porter sur l&rsquo;activit\u00e9 du navigateur de l&rsquo;utilisateur qui visite notre site, sur l&rsquo;itin\u00e9raire suivi par les utilisateurs sur notre site, sur le fournisseur d&rsquo;acc\u00e8s \u00e0 Internet du visiteur, sur le nombre de fois que les utilisateurs acc\u00e8dent au site et sur le comportement des utilisateurs sur notre site (pages visit\u00e9es, formulaires remplis et autres informations semblables).<\/li>\n<li>Identifier les utilisateurs qui visitent notre site \u00e0 partir de l&rsquo;invitation d&rsquo;un site web partenaire ou d&rsquo;un lien sponsoris\u00e9.<\/li>\n<\/ul>\n<p>Pour plus d&rsquo;informations sur Google Analytics, veuillez consulter <a href=\"http:\/\/www.google.com\/analytics\/\">www.google.com\/analytics\/<\/a>. Pour contr\u00f4ler la collecte de donn\u00e9es effectu\u00e9e par Google Analytics \u00e0 des fins d&rsquo;analyse, veuillez consulter <a href=\"https:\/\/tools.google.com\/dlpage\/gaoptout?hl=en\">https:\/\/tools.google.com\/dlpage\/gaoptout?hl=en<\/a><\/p>\n<p>Vous pouvez r\u00e9voquer votre consentement concernant l&rsquo;utilisation des cookies en les \u00e9liminant gr\u00e2ce aux options propos\u00e9es par votre navigateur.<\/p>\n<p>Si vous souhaitez recevoir des informations suppl\u00e9mentaires sur l&rsquo;activit\u00e9 des entreprises de publicit\u00e9 sur Internet et sur la fa\u00e7on d&rsquo;\u00e9liminer vos donn\u00e9es des registres de ces entreprises, nous vous recommandons de consulter <a href=\"http:\/\/www.networkadvertising.org\">www.networkadvertising.org<\/a>.<\/p>\n<p>Vous pouvez configurer votre navigateur de fa\u00e7on \u00e0 ce qu&rsquo;il vous informe au pr\u00e9alable de l&rsquo;installation \u00e9ventuelle de cookies. Vous pouvez \u00e9galement le configurer de fa\u00e7on \u00e0 ce qu&rsquo;ils soient supprim\u00e9s automatiquement lorsque vous fermez le navigateur ou \u00e9teignez le dispositif. Vous trouverez des informations sur la mani\u00e8re de le faire\u00a0:<\/p>\n<p>&#8211; Pour Firefox, sur <a href=\"http:\/\/support.mozilla.org\/ca\/kb\/Galetes\">http:\/\/support.mozilla.org\/ca\/kb\/Galetes<\/a>.<\/p>\n<p>&#8211; Pour Chrome, sur <a href=\"http:\/\/support.google.com\/chrome\/bin\/answer.py?hl=es&amp;answer=95647\">http:\/\/support.google.com\/chrome\/bin\/answer.py?hl=es&amp;answer=95647<\/a>.<\/p>\n<p>&#8211; Pour Explorer, sur <a href=\"http:\/\/windows.microsoft.com\/es-es\/windows7\/how-to-manage-cookies-in-internet-explorer-9\">http:\/\/windows.microsoft.com\/es-es\/windows7\/how-to-manage-cookies-in-internet-explorer-9<\/a>.<\/p>\n<p>&#8211; Pour Safari, sur <a href=\"http:\/\/support.apple.com\/kb\/ph5042\">http:\/\/support.apple.com\/kb\/ph5042<\/a>.<\/p>\n<p>&#8211; Pour Safari sous iOS, sur <a href=\"http:\/\/support.apple.com\/kb\/HT1677?viewlocale=es_ES&amp;locale=es_ES\">http:\/\/support.apple.com\/kb\/HT1677?viewlocale=es_ES&amp;locale=es_ES<\/a><\/p>\n<p>&#8211; Pour Opera, sur <a href=\"http:\/\/help.opera.com\/Windows\/11.50\/es-ES\/cookies.html\">http:\/\/help.opera.com\/Windows\/11.50\/es-ES\/cookies.html<\/a><\/p>\n","protected":false},"excerpt":{"rendered":"<p>Les cookies sont des fichiers de texte de petite taille install\u00e9s sur les dispositifs \u00e0 travers lesquels on acc\u00e8de \u00e0 [&hellip;]<\/p>\n","protected":false},"author":1,"featured_media":0,"parent":0,"menu_order":0,"comment_status":"closed","ping_status":"open","template":"","meta":{"footnotes":""},"class_list":["post-2954","page","type-page","status-publish","hentry"],"_links":{"self":[{"href":"https:\/\/fotos.costabrava.org\/fr\/wp-json\/wp\/v2\/pages\/2954","targetHints":{"allow":["GET"]}}],"collection":[{"href":"https:\/\/fotos.costabrava.org\/fr\/wp-json\/wp\/v2\/pages"}],"about":[{"href":"https:\/\/fotos.costabrava.org\/fr\/wp-json\/wp\/v2\/types\/page"}],"author":[{"embeddable":true,"href":"https:\/\/fotos.costabrava.org\/fr\/wp-json\/wp\/v2\/users\/1"}],"replies":[{"embeddable":true,"href":"https:\/\/fotos.costabrava.org\/fr\/wp-json\/wp\/v2\/comments?post=2954"}],"version-history":[{"count":2,"href":"https:\/\/fotos.costabrava.org\/fr\/wp-json\/wp\/v2\/pages\/2954\/revisions"}],"predecessor-version":[{"id":2961,"href":"https:\/\/fotos.costabrava.org\/fr\/wp-json\/wp\/v2\/pages\/2954\/revisions\/2961"}],"wp:attachment":[{"href":"https:\/\/fotos.costabrava.org\/fr\/wp-json\/wp\/v2\/media?parent=2954"}],"curies":[{"name":"wp","href":"https:\/\/api.w.org\/{rel}","templated":true}]}}