{"id":93,"date":"2014-11-14T17:57:21","date_gmt":"2014-11-14T17:57:21","guid":{"rendered":"http:\/\/fotos.costabrava.org\/?page_id=93"},"modified":"2015-01-16T09:27:36","modified_gmt":"2015-01-16T09:27:36","slug":"purchase-confirmation-fr","status":"publish","type":"page","link":"https:\/\/fotos.costabrava.org\/fr\/checkout-fr\/purchase-confirmation-fr\/","title":{"rendered":"Confirmation de l&rsquo;achat"},"content":{"rendered":"<p>Merci pour votre achat ! <p class=\"edd-alert edd-alert-error\">D\u00e9sol\u00e9, probl\u00e8me de r\u00e9cup\u00e9ration du re\u00e7u de commande.<\/p><\/p>\n","protected":false},"excerpt":{"rendered":"<p>Merci pour votre achat !<\/p>\n","protected":false},"author":1,"featured_media":0,"parent":82,"menu_order":0,"comment_status":"closed","ping_status":"open","template":"","meta":{"footnotes":""},"class_list":["post-93","page","type-page","status-publish","hentry"],"_links":{"self":[{"href":"https:\/\/fotos.costabrava.org\/fr\/wp-json\/wp\/v2\/pages\/93","targetHints":{"allow":["GET"]}}],"collection":[{"href":"https:\/\/fotos.costabrava.org\/fr\/wp-json\/wp\/v2\/pages"}],"about":[{"href":"https:\/\/fotos.costabrava.org\/fr\/wp-json\/wp\/v2\/types\/page"}],"author":[{"embeddable":true,"href":"https:\/\/fotos.costabrava.org\/fr\/wp-json\/wp\/v2\/users\/1"}],"replies":[{"embeddable":true,"href":"https:\/\/fotos.costabrava.org\/fr\/wp-json\/wp\/v2\/comments?post=93"}],"version-history":[{"count":2,"href":"https:\/\/fotos.costabrava.org\/fr\/wp-json\/wp\/v2\/pages\/93\/revisions"}],"predecessor-version":[{"id":2829,"href":"https:\/\/fotos.costabrava.org\/fr\/wp-json\/wp\/v2\/pages\/93\/revisions\/2829"}],"up":[{"embeddable":true,"href":"https:\/\/fotos.costabrava.org\/fr\/wp-json\/wp\/v2\/pages\/82"}],"wp:attachment":[{"href":"https:\/\/fotos.costabrava.org\/fr\/wp-json\/wp\/v2\/media?parent=93"}],"curies":[{"name":"wp","href":"https:\/\/api.w.org\/{rel}","templated":true}]}}